{"id":769,"date":"2020-02-12T20:55:54","date_gmt":"2020-02-12T19:55:54","guid":{"rendered":"http:\/\/lwkzonq.cluster028.hosting.ovh.net\/?page_id=769"},"modified":"2026-03-27T10:14:22","modified_gmt":"2026-03-27T09:14:22","slug":"a-vendre","status":"publish","type":"page","link":"http:\/\/lwkzonq.cluster028.hosting.ovh.net\/index.php\/a-vendre\/","title":{"rendered":"P\u00f4le Sant\u00e9 Services La Bergerie \u00e0 Bessan"},"content":{"rendered":"<div id=\"pl-769\"  class=\"panel-layout\" ><div id=\"pg-769-0\"  class=\"panel-grid panel-no-style\" ><div id=\"pgc-769-0-0\"  class=\"panel-grid-cell\" ><div id=\"panel-769-0-0-0\" class=\"so-panel widget widget_themegrill_suffice_title tg-title-container panel-first-child\" data-index=\"0\" ><div class=\"title title-default title-center\">\n\t<h3 class=\"title-title\" style=background-color:#c9c9c9;>En vente<\/h3>\n\n\t\n\t\n\t<\/div>\n<\/div><div id=\"panel-769-0-0-1\" class=\"so-panel widget widget_themegrill_suffice_title tg-title-container\" data-index=\"1\" ><div class=\"title title-magazine title-center\">\n\t<h3 class=\"title-title\" style=background-color:#fac014;>PROCHAINEMENT SUR COMMUNE DE BESSAN - Emplacement exceptionnel<\/h3>\n\n\t\t\t<p class=\"sub-title\">B\u00e2timent P\u00f4le Sant\u00e9 \/ Services<\/p>\n\t\n\t\n\t<\/div>\n<\/div><div id=\"panel-769-0-0-2\" class=\"so-panel widget widget_media_image\" data-index=\"2\" ><img width=\"819\" height=\"1024\" src=\"http:\/\/lwkzonq.cluster028.hosting.ovh.net\/wp-content\/uploads\/2026\/03\/Portes-ouvertes-819x1024.jpg\" class=\"image wp-image-2310  attachment-large size-large\" alt=\"\" loading=\"lazy\" style=\"max-width: 100%; height: auto;\" srcset=\"http:\/\/lwkzonq.cluster028.hosting.ovh.net\/wp-content\/uploads\/2026\/03\/Portes-ouvertes-819x1024.jpg 819w, http:\/\/lwkzonq.cluster028.hosting.ovh.net\/wp-content\/uploads\/2026\/03\/Portes-ouvertes-240x300.jpg 240w, http:\/\/lwkzonq.cluster028.hosting.ovh.net\/wp-content\/uploads\/2026\/03\/Portes-ouvertes-768x960.jpg 768w, http:\/\/lwkzonq.cluster028.hosting.ovh.net\/wp-content\/uploads\/2026\/03\/Portes-ouvertes.jpg 900w\" sizes=\"(max-width: 819px) 100vw, 819px\" \/><\/div><div id=\"panel-769-0-0-3\" class=\"so-panel widget widget_media_image\" data-index=\"3\" ><img width=\"1024\" height=\"576\" src=\"http:\/\/lwkzonq.cluster028.hosting.ovh.net\/wp-content\/uploads\/2024\/06\/Page-Garde-1024x576.png\" class=\"image wp-image-2097  attachment-large size-large\" alt=\"\" loading=\"lazy\" style=\"max-width: 100%; height: auto;\" srcset=\"http:\/\/lwkzonq.cluster028.hosting.ovh.net\/wp-content\/uploads\/2024\/06\/Page-Garde-1024x576.png 1024w, http:\/\/lwkzonq.cluster028.hosting.ovh.net\/wp-content\/uploads\/2024\/06\/Page-Garde-300x169.png 300w, http:\/\/lwkzonq.cluster028.hosting.ovh.net\/wp-content\/uploads\/2024\/06\/Page-Garde-768x432.png 768w, http:\/\/lwkzonq.cluster028.hosting.ovh.net\/wp-content\/uploads\/2024\/06\/Page-Garde.png 1280w\" sizes=\"(max-width: 1024px) 100vw, 1024px\" \/><\/div><div id=\"panel-769-0-0-4\" class=\"so-panel widget widget_text panel-last-child\" data-index=\"4\" >\t\t\t<div class=\"textwidget\"><h3 class=\"widget-title\">A vendre : 10 locaux bruts avec stationnement<\/h3>\n<div class=\"textwidget\">\n<p><strong>Superficies : de 39m\u00b2 \u00e0 123m\u00b2<\/strong><\/p>\n<p><strong>de 117 540\u20ac \u00e0 369 510\u20ac<\/strong><\/p>\n<p><strong>Livraison : 4\u00e8me trimestre 2025<\/strong><\/p>\n<p><strong><a href=\"http:\/\/lwkzonq.cluster028.hosting.ovh.net\/wp-content\/uploads\/2024\/04\/NOTICE-DESCRIPTIVE-Locaux-dactivites-partie-commune-2024-04-11.pdf\" target=\"_blank\" rel=\"noopener\">NOTICE DESCRIPTIVE<\/a><\/strong><\/p>\n<\/div>\n<p>&nbsp;<\/p>\n<\/div>\n\t\t<\/div><\/div><\/div><div id=\"pg-769-1\"  class=\"panel-grid panel-no-style\" ><div id=\"pgc-769-1-0\"  class=\"panel-grid-cell\" ><div id=\"panel-769-1-0-0\" class=\"so-panel widget widget_media_image panel-first-child panel-last-child\" data-index=\"5\" ><img width=\"891\" height=\"591\" src=\"http:\/\/lwkzonq.cluster028.hosting.ovh.net\/wp-content\/uploads\/2025\/12\/GRILLE-SUR-SITE-SEMABATH_page-0001-1.jpg\" class=\"image wp-image-2244  attachment-full size-full\" alt=\"\" loading=\"lazy\" style=\"max-width: 100%; height: auto;\" srcset=\"http:\/\/lwkzonq.cluster028.hosting.ovh.net\/wp-content\/uploads\/2025\/12\/GRILLE-SUR-SITE-SEMABATH_page-0001-1.jpg 891w, http:\/\/lwkzonq.cluster028.hosting.ovh.net\/wp-content\/uploads\/2025\/12\/GRILLE-SUR-SITE-SEMABATH_page-0001-1-300x199.jpg 300w, http:\/\/lwkzonq.cluster028.hosting.ovh.net\/wp-content\/uploads\/2025\/12\/GRILLE-SUR-SITE-SEMABATH_page-0001-1-768x509.jpg 768w\" sizes=\"(max-width: 891px) 100vw, 891px\" \/><\/div><\/div><\/div><div id=\"pg-769-2\"  class=\"panel-grid panel-no-style\" ><div id=\"pgc-769-2-0\"  class=\"panel-grid-cell\" ><div id=\"panel-769-2-0-0\" class=\"so-panel widget widget_media_image panel-first-child panel-last-child\" data-index=\"6\" ><h3 class=\"widget-title\">Situation<\/h3><img width=\"1024\" height=\"724\" src=\"http:\/\/lwkzonq.cluster028.hosting.ovh.net\/wp-content\/uploads\/2024\/04\/Situation-1024x724.png\" class=\"image wp-image-2056  attachment-large size-large\" alt=\"\" loading=\"lazy\" style=\"max-width: 100%; height: auto;\" srcset=\"http:\/\/lwkzonq.cluster028.hosting.ovh.net\/wp-content\/uploads\/2024\/04\/Situation-1024x724.png 1024w, http:\/\/lwkzonq.cluster028.hosting.ovh.net\/wp-content\/uploads\/2024\/04\/Situation-300x212.png 300w, http:\/\/lwkzonq.cluster028.hosting.ovh.net\/wp-content\/uploads\/2024\/04\/Situation-768x543.png 768w, http:\/\/lwkzonq.cluster028.hosting.ovh.net\/wp-content\/uploads\/2024\/04\/Situation-1536x1086.png 1536w, http:\/\/lwkzonq.cluster028.hosting.ovh.net\/wp-content\/uploads\/2024\/04\/Situation-2048x1448.png 2048w\" sizes=\"(max-width: 1024px) 100vw, 1024px\" \/><\/div><\/div><div id=\"pgc-769-2-1\"  class=\"panel-grid-cell\" ><div id=\"panel-769-2-1-0\" class=\"so-panel widget widget_media_image panel-first-child panel-last-child\" data-index=\"7\" ><h3 class=\"widget-title\">Stationnements<\/h3><img width=\"1024\" height=\"576\" src=\"http:\/\/lwkzonq.cluster028.hosting.ovh.net\/wp-content\/uploads\/2024\/04\/Plan-stationnements-1024x576.png\" class=\"image wp-image-2053  attachment-large size-large\" alt=\"\" loading=\"lazy\" style=\"max-width: 100%; height: auto;\" srcset=\"http:\/\/lwkzonq.cluster028.hosting.ovh.net\/wp-content\/uploads\/2024\/04\/Plan-stationnements-1024x576.png 1024w, http:\/\/lwkzonq.cluster028.hosting.ovh.net\/wp-content\/uploads\/2024\/04\/Plan-stationnements-300x169.png 300w, http:\/\/lwkzonq.cluster028.hosting.ovh.net\/wp-content\/uploads\/2024\/04\/Plan-stationnements-768x432.png 768w, http:\/\/lwkzonq.cluster028.hosting.ovh.net\/wp-content\/uploads\/2024\/04\/Plan-stationnements-1536x864.png 1536w, http:\/\/lwkzonq.cluster028.hosting.ovh.net\/wp-content\/uploads\/2024\/04\/Plan-stationnements-2048x1152.png 2048w\" sizes=\"(max-width: 1024px) 100vw, 1024px\" \/><\/div><\/div><\/div><div id=\"pg-769-3\"  class=\"panel-grid panel-no-style\" ><div id=\"pgc-769-3-0\"  class=\"panel-grid-cell\" ><div id=\"panel-769-3-0-0\" class=\"so-panel widget widget_themegrill_suffice_slider tg-section tg-slider-widget panel-first-child panel-last-child\" data-index=\"8\" >\n\t<div class=\"slider slider-hide-controls slider-controls-rounded slider-height--default\">\n\t\t<div class=\"swiper-container\"\n\t\t     data-transition-autoplay=\"4000\"\n\t\t     data-effect=\"slide\"\n\t\t     data-speed=\"1000\"\n\t\t     data-loop=\"1\">\n\t\t\t<div class=\"swiper-wrapper\">\n\t\t\t\t\t\t\t\t\t\t<div class=\"swiper-slide\">\n\t\t\t\t\t\t\t<div class=\"slider-content slider-content-default slider-content--left\">\n\t\t\t\t\t\t\t\t<div class=\"container\">\n\t\t\t\t\t\t\t\t\t<div class=\"slider-content-inner\">\n\t\t\t\t\t\t\t\t\t\t\n\t\t\t\t\t\t\t\t\t\t\n\t\t\t\t\t\t\t\t\t\t\t\t\t\t\t\t\t\t\t<\/div> <!-- slider-content-inner -->\n\t\t\t\t\t\t\t\t<\/div> <!-- .container -->\n\t\t\t\t\t\t\t<\/div> <!-- .slider-content -->\n\t\t\t\t\t\t\t<figure class=\"slider-thumbnail\">\n\t\t\t\t\t\t\t\t<img src=\"http:\/\/lwkzonq.cluster028.hosting.ovh.net\/wp-content\/uploads\/2024\/04\/Perspective-1.png\" alt=\"\" \/>\n\t\t\t\t\t\t\t<\/figure>\n\t\t\t\t\t\t<\/div> <!-- swiper-slide -->\n\t\t\t\t\t\t\t\t\t\t\t\t<div class=\"swiper-slide\">\n\t\t\t\t\t\t\t<div class=\"slider-content slider-content-default slider-content--left\">\n\t\t\t\t\t\t\t\t<div class=\"container\">\n\t\t\t\t\t\t\t\t\t<div class=\"slider-content-inner\">\n\t\t\t\t\t\t\t\t\t\t\n\t\t\t\t\t\t\t\t\t\t\n\t\t\t\t\t\t\t\t\t\t\t\t\t\t\t\t\t\t\t<\/div> <!-- slider-content-inner -->\n\t\t\t\t\t\t\t\t<\/div> <!-- .container -->\n\t\t\t\t\t\t\t<\/div> <!-- .slider-content -->\n\t\t\t\t\t\t\t<figure class=\"slider-thumbnail\">\n\t\t\t\t\t\t\t\t<img src=\"http:\/\/lwkzonq.cluster028.hosting.ovh.net\/wp-content\/uploads\/2024\/04\/Perspective-2.png\" alt=\"\" \/>\n\t\t\t\t\t\t\t<\/figure>\n\t\t\t\t\t\t<\/div> <!-- swiper-slide -->\n\t\t\t\t\t\t\t\t\t\t\t\t<div class=\"swiper-slide\">\n\t\t\t\t\t\t\t<div class=\"slider-content slider-content-default slider-content--left\">\n\t\t\t\t\t\t\t\t<div class=\"container\">\n\t\t\t\t\t\t\t\t\t<div class=\"slider-content-inner\">\n\t\t\t\t\t\t\t\t\t\t\n\t\t\t\t\t\t\t\t\t\t\n\t\t\t\t\t\t\t\t\t\t\t\t\t\t\t\t\t\t\t<\/div> <!-- slider-content-inner -->\n\t\t\t\t\t\t\t\t<\/div> <!-- .container -->\n\t\t\t\t\t\t\t<\/div> <!-- .slider-content -->\n\t\t\t\t\t\t\t<figure class=\"slider-thumbnail\">\n\t\t\t\t\t\t\t\t<img src=\"http:\/\/lwkzonq.cluster028.hosting.ovh.net\/wp-content\/uploads\/2024\/04\/Perspective-3-scaled.jpg\" alt=\"\" \/>\n\t\t\t\t\t\t\t<\/figure>\n\t\t\t\t\t\t<\/div> <!-- swiper-slide -->\n\t\t\t\t\t\t\t\t\t\t\t\t<div class=\"swiper-slide\">\n\t\t\t\t\t\t\t<div class=\"slider-content slider-content-default slider-content--left\">\n\t\t\t\t\t\t\t\t<div class=\"container\">\n\t\t\t\t\t\t\t\t\t<div class=\"slider-content-inner\">\n\t\t\t\t\t\t\t\t\t\t\n\t\t\t\t\t\t\t\t\t\t\n\t\t\t\t\t\t\t\t\t\t\t\t\t\t\t\t\t\t\t<\/div> <!-- slider-content-inner -->\n\t\t\t\t\t\t\t\t<\/div> <!-- .container -->\n\t\t\t\t\t\t\t<\/div> <!-- .slider-content -->\n\t\t\t\t\t\t\t<figure class=\"slider-thumbnail\">\n\t\t\t\t\t\t\t\t<img src=\"http:\/\/lwkzonq.cluster028.hosting.ovh.net\/wp-content\/uploads\/2024\/04\/Perspective-4.png\" alt=\"\" \/>\n\t\t\t\t\t\t\t<\/figure>\n\t\t\t\t\t\t<\/div> <!-- swiper-slide -->\n\t\t\t\t\t\t\t\t\t<\/div> <!-- end swiper-wrapper -->\n\n\t\t\t<div class=\"swiper-pagination\"><\/div>\n\t\t\t<div class=\"swiper-button-next\"><\/div>\n\t\t\t<div class=\"swiper-button-prev\"><\/div>\n\t\t<\/div> <!-- end swiper-container -->\n\n\t<\/div> <!-- end slider -->\n<\/div><\/div><\/div><div id=\"pg-769-4\"  class=\"panel-grid panel-no-style\" ><div id=\"pgc-769-4-0\"  class=\"panel-grid-cell\" ><div id=\"panel-769-4-0-0\" class=\"so-panel widget widget_media_image panel-first-child panel-last-child\" data-index=\"9\" ><img width=\"1024\" height=\"576\" src=\"http:\/\/lwkzonq.cluster028.hosting.ovh.net\/wp-content\/uploads\/2024\/06\/Plans-ensemble-niveaux_1-1024x576.png\" class=\"image wp-image-2122  attachment-large size-large\" alt=\"\" loading=\"lazy\" style=\"max-width: 100%; height: auto;\" srcset=\"http:\/\/lwkzonq.cluster028.hosting.ovh.net\/wp-content\/uploads\/2024\/06\/Plans-ensemble-niveaux_1-1024x576.png 1024w, http:\/\/lwkzonq.cluster028.hosting.ovh.net\/wp-content\/uploads\/2024\/06\/Plans-ensemble-niveaux_1-300x169.png 300w, http:\/\/lwkzonq.cluster028.hosting.ovh.net\/wp-content\/uploads\/2024\/06\/Plans-ensemble-niveaux_1-768x432.png 768w, http:\/\/lwkzonq.cluster028.hosting.ovh.net\/wp-content\/uploads\/2024\/06\/Plans-ensemble-niveaux_1-1536x864.png 1536w, http:\/\/lwkzonq.cluster028.hosting.ovh.net\/wp-content\/uploads\/2024\/06\/Plans-ensemble-niveaux_1-2048x1152.png 2048w\" sizes=\"(max-width: 1024px) 100vw, 1024px\" \/><\/div><\/div><\/div><div id=\"pg-769-5\"  class=\"panel-grid panel-no-style\" ><div id=\"pgc-769-5-0\"  class=\"panel-grid-cell\" ><div id=\"panel-769-5-0-0\" class=\"so-panel widget widget_media_image panel-first-child panel-last-child\" data-index=\"10\" ><img width=\"1024\" height=\"576\" src=\"http:\/\/lwkzonq.cluster028.hosting.ovh.net\/wp-content\/uploads\/2024\/06\/Plans-ensemble-niveaux_2-1024x576.png\" class=\"image wp-image-2123  attachment-large size-large\" alt=\"\" loading=\"lazy\" style=\"max-width: 100%; height: auto;\" srcset=\"http:\/\/lwkzonq.cluster028.hosting.ovh.net\/wp-content\/uploads\/2024\/06\/Plans-ensemble-niveaux_2-1024x576.png 1024w, http:\/\/lwkzonq.cluster028.hosting.ovh.net\/wp-content\/uploads\/2024\/06\/Plans-ensemble-niveaux_2-300x169.png 300w, http:\/\/lwkzonq.cluster028.hosting.ovh.net\/wp-content\/uploads\/2024\/06\/Plans-ensemble-niveaux_2-768x432.png 768w, http:\/\/lwkzonq.cluster028.hosting.ovh.net\/wp-content\/uploads\/2024\/06\/Plans-ensemble-niveaux_2-1536x864.png 1536w, http:\/\/lwkzonq.cluster028.hosting.ovh.net\/wp-content\/uploads\/2024\/06\/Plans-ensemble-niveaux_2-2048x1152.png 2048w\" sizes=\"(max-width: 1024px) 100vw, 1024px\" \/><\/div><\/div><\/div><\/div>","protected":false},"excerpt":{"rendered":"<p>A vendre : 10 locaux bruts avec stationnement Superficies : de 39m\u00b2 \u00e0 123m\u00b2 de 117 540\u20ac \u00e0 369 510\u20ac Livraison : 4\u00e8me trimestre 2025 NOTICE DESCRIPTIVE &nbsp;<\/p>\n","protected":false},"author":1,"featured_media":0,"parent":0,"menu_order":0,"comment_status":"closed","ping_status":"closed","template":"","meta":[],"_links":{"self":[{"href":"http:\/\/lwkzonq.cluster028.hosting.ovh.net\/index.php\/wp-json\/wp\/v2\/pages\/769"}],"collection":[{"href":"http:\/\/lwkzonq.cluster028.hosting.ovh.net\/index.php\/wp-json\/wp\/v2\/pages"}],"about":[{"href":"http:\/\/lwkzonq.cluster028.hosting.ovh.net\/index.php\/wp-json\/wp\/v2\/types\/page"}],"author":[{"embeddable":true,"href":"http:\/\/lwkzonq.cluster028.hosting.ovh.net\/index.php\/wp-json\/wp\/v2\/users\/1"}],"replies":[{"embeddable":true,"href":"http:\/\/lwkzonq.cluster028.hosting.ovh.net\/index.php\/wp-json\/wp\/v2\/comments?post=769"}],"version-history":[{"count":55,"href":"http:\/\/lwkzonq.cluster028.hosting.ovh.net\/index.php\/wp-json\/wp\/v2\/pages\/769\/revisions"}],"predecessor-version":[{"id":2312,"href":"http:\/\/lwkzonq.cluster028.hosting.ovh.net\/index.php\/wp-json\/wp\/v2\/pages\/769\/revisions\/2312"}],"wp:attachment":[{"href":"http:\/\/lwkzonq.cluster028.hosting.ovh.net\/index.php\/wp-json\/wp\/v2\/media?parent=769"}],"curies":[{"name":"wp","href":"https:\/\/api.w.org\/{rel}","templated":true}]}}