{"id":562,"date":"2020-01-28T11:07:08","date_gmt":"2020-01-28T10:07:08","guid":{"rendered":"http:\/\/lwkzonq.cluster028.hosting.ovh.net\/?page_id=562"},"modified":"2023-02-23T10:39:40","modified_gmt":"2023-02-23T09:39:40","slug":"appels-doffres","status":"publish","type":"page","link":"http:\/\/lwkzonq.cluster028.hosting.ovh.net\/index.php\/appels-doffres\/","title":{"rendered":"Appels d&rsquo;offres"},"content":{"rendered":"<div id=\"pl-562\"  class=\"panel-layout\" ><div id=\"pg-562-0\"  class=\"panel-grid panel-no-style\" ><div id=\"pgc-562-0-0\"  class=\"panel-grid-cell\" ><div id=\"panel-562-0-0-0\" class=\"so-panel widget widget_themegrill_suffice_title tg-title-container panel-first-child panel-last-child\" data-index=\"0\" ><div class=\"title title-uderlined title-center\">\n\t<h3 class=\"title-title\">Retrouvez les diff\u00e9rents appels d&#039;offres<\/h3>\n\n\t\t\t<p class=\"sub-title\">Visualisez et t\u00e9l\u00e9chargez les documents<\/p>\n\t\n\t\n\t<\/div>\n<\/div><\/div><\/div><div id=\"pg-562-1\"  class=\"panel-grid panel-no-style\" ><div id=\"pgc-562-1-0\"  class=\"panel-grid-cell\" ><div id=\"panel-562-1-0-0\" class=\"so-panel widget widget_block panel-first-child panel-last-child\" data-index=\"1\" ><iframe marginwidth=\"0\" marginheight=\"0\" vspace=\"0\" hspace=\"0\" style=\"overflow:visible; width:100%;\" scrolling=\"auto\" frameborder=\"0\" src=\"https:\/\/ml.aws-achat.info\/avis\/index.cfm?IDS=739\" height=\"900\"><\/iframe><\/div><\/div><\/div><\/div>","protected":false},"excerpt":{"rendered":"<p>Retrouvez les diff\u00e9rents appels d&#039;offres Visualisez et t\u00e9l\u00e9chargez les documents<\/p>\n","protected":false},"author":1,"featured_media":0,"parent":0,"menu_order":0,"comment_status":"closed","ping_status":"closed","template":"","meta":[],"_links":{"self":[{"href":"http:\/\/lwkzonq.cluster028.hosting.ovh.net\/index.php\/wp-json\/wp\/v2\/pages\/562"}],"collection":[{"href":"http:\/\/lwkzonq.cluster028.hosting.ovh.net\/index.php\/wp-json\/wp\/v2\/pages"}],"about":[{"href":"http:\/\/lwkzonq.cluster028.hosting.ovh.net\/index.php\/wp-json\/wp\/v2\/types\/page"}],"author":[{"embeddable":true,"href":"http:\/\/lwkzonq.cluster028.hosting.ovh.net\/index.php\/wp-json\/wp\/v2\/users\/1"}],"replies":[{"embeddable":true,"href":"http:\/\/lwkzonq.cluster028.hosting.ovh.net\/index.php\/wp-json\/wp\/v2\/comments?post=562"}],"version-history":[{"count":29,"href":"http:\/\/lwkzonq.cluster028.hosting.ovh.net\/index.php\/wp-json\/wp\/v2\/pages\/562\/revisions"}],"predecessor-version":[{"id":2028,"href":"http:\/\/lwkzonq.cluster028.hosting.ovh.net\/index.php\/wp-json\/wp\/v2\/pages\/562\/revisions\/2028"}],"wp:attachment":[{"href":"http:\/\/lwkzonq.cluster028.hosting.ovh.net\/index.php\/wp-json\/wp\/v2\/media?parent=562"}],"curies":[{"name":"wp","href":"https:\/\/api.w.org\/{rel}","templated":true}]}}