{"id":395,"date":"2018-03-27T09:49:51","date_gmt":"2018-03-27T09:49:51","guid":{"rendered":"https:\/\/demo.themegrill.com\/suffice-pro-gym\/?page_id=386"},"modified":"2023-01-12T11:20:09","modified_gmt":"2023-01-12T10:20:09","slug":"contact","status":"publish","type":"page","link":"http:\/\/lwkzonq.cluster028.hosting.ovh.net\/index.php\/contact\/","title":{"rendered":"Contact"},"content":{"rendered":"<p>Une question ? Une remarque ? Besoin d&rsquo;une information compl\u00e9mentaire ?<br \/>\nN&rsquo;h\u00e9sitez pas \u00e0 nous contacter en remplissant le formulaire ci-dessous. Nous r\u00e9pondons dans les plus bref d\u00e9lais.<\/p>\n<p>[everest_form id=\u00a0\u00bb385&Prime;]<\/p>\n","protected":false},"excerpt":{"rendered":"<p>Une question ? Une remarque ? Besoin d&rsquo;une information compl\u00e9mentaire ? N&rsquo;h\u00e9sitez pas \u00e0 nous contacter en remplissant le formulaire ci-dessous. Nous r\u00e9pondons dans les plus bref d\u00e9lais. [everest_form id=\u00a0\u00bb385&Prime;]<\/p>\n","protected":false},"author":1,"featured_media":0,"parent":0,"menu_order":0,"comment_status":"closed","ping_status":"closed","template":"","meta":[],"_links":{"self":[{"href":"http:\/\/lwkzonq.cluster028.hosting.ovh.net\/index.php\/wp-json\/wp\/v2\/pages\/395"}],"collection":[{"href":"http:\/\/lwkzonq.cluster028.hosting.ovh.net\/index.php\/wp-json\/wp\/v2\/pages"}],"about":[{"href":"http:\/\/lwkzonq.cluster028.hosting.ovh.net\/index.php\/wp-json\/wp\/v2\/types\/page"}],"author":[{"embeddable":true,"href":"http:\/\/lwkzonq.cluster028.hosting.ovh.net\/index.php\/wp-json\/wp\/v2\/users\/1"}],"replies":[{"embeddable":true,"href":"http:\/\/lwkzonq.cluster028.hosting.ovh.net\/index.php\/wp-json\/wp\/v2\/comments?post=395"}],"version-history":[{"count":1,"href":"http:\/\/lwkzonq.cluster028.hosting.ovh.net\/index.php\/wp-json\/wp\/v2\/pages\/395\/revisions"}],"predecessor-version":[{"id":542,"href":"http:\/\/lwkzonq.cluster028.hosting.ovh.net\/index.php\/wp-json\/wp\/v2\/pages\/395\/revisions\/542"}],"wp:attachment":[{"href":"http:\/\/lwkzonq.cluster028.hosting.ovh.net\/index.php\/wp-json\/wp\/v2\/media?parent=395"}],"curies":[{"name":"wp","href":"https:\/\/api.w.org\/{rel}","templated":true}]}}