{"id":261,"date":"2017-03-27T08:36:51","date_gmt":"2017-03-27T08:36:51","guid":{"rendered":"http:\/\/demo.themegrill.com\/suffice-pro-construction\/?page_id=15"},"modified":"2022-02-07T09:17:09","modified_gmt":"2022-02-07T08:17:09","slug":"suffice-construction","status":"publish","type":"page","link":"http:\/\/lwkzonq.cluster028.hosting.ovh.net\/","title":{"rendered":"SEMABATH"},"content":{"rendered":"<div id=\"pl-261\"  class=\"panel-layout\" ><div id=\"pg-261-0\"  class=\"panel-grid panel-has-style\" ><div class=\"siteorigin-panels-stretch panel-row-style panel-row-style-for-261-0\" data-stretch-type=\"full-stretched\" ><div id=\"pgc-261-0-0\"  class=\"panel-grid-cell\" ><div id=\"panel-261-0-0-0\" class=\"so-panel widget widget_themegrill_suffice_slider tg-section tg-slider-widget panel-first-child panel-last-child\" data-index=\"0\" ><div class=\"panel-widget-style panel-widget-style-for-261-0-0-0\" >\n\t<div class=\"slider slider-hide-controls slider-controls-rounded slider-height--default\">\n\t\t<div class=\"swiper-container\"\n\t\t     data-transition-autoplay=\"10000\"\n\t\t     data-effect=\"slide\"\n\t\t     data-speed=\"8000\"\n\t\t     data-loop=\"1\">\n\t\t\t<div class=\"swiper-wrapper\">\n\t\t\t\t\t\t\t\t\t\t<div class=\"swiper-slide\">\n\t\t\t\t\t\t\t<div class=\"slider-content slider-content-default slider-content--center\">\n\t\t\t\t\t\t\t\t<div class=\"container\">\n\t\t\t\t\t\t\t\t\t<div class=\"slider-content-inner\">\n\t\t\t\t\t\t\t\t\t\t\t\t\t\t\t\t\t\t\t\t\t<h3 class=\"slider-title\" style=color:#ffffff;>S.E.M.A.BA.TH<\/h3>\n\t\t\t\t\t\t\t\t\t\t\n\t\t\t\t\t\t\t\t\t\t\t\t\t\t\t\t\t\t\t\t\t<p class=\"slider-description\" style=color:#ffffff;>Vos projets sont les n\u00f4tres<\/p>\n\t\t\t\t\t\t\t\t\t\t\n\t\t\t\t\t\t\t\t\t\t\t\t\t\t\t\t\t\t\t\t\t<a class=\"btn btn-default btn-flat btn-medium btn-primary\" href=\"http:\/\/www.semabath.fr\/index.php\/realisation\/\"> R\u00c9ALISATIONS <\/a>\n\t\t\t\t\t\t\t\t\t\t\t\t\t\t\t\t\t\t\t<\/div> <!-- slider-content-inner -->\n\t\t\t\t\t\t\t\t<\/div> <!-- .container -->\n\t\t\t\t\t\t\t<\/div> <!-- .slider-content -->\n\t\t\t\t\t\t\t<figure class=\"slider-thumbnail\">\n\t\t\t\t\t\t\t\t<img src=\"http:\/\/lwkzonq.cluster028.hosting.ovh.net\/wp-content\/uploads\/2020\/02\/Bureaux-et-commerces-Le-Cellier-a-Gigean-carousel.jpg\" alt=\"S.E.M.A.BA.TH\" \/>\n\t\t\t\t\t\t\t<\/figure>\n\t\t\t\t\t\t<\/div> <!-- swiper-slide -->\n\t\t\t\t\t\t\t\t\t\t\t\t<div class=\"swiper-slide\">\n\t\t\t\t\t\t\t<div class=\"slider-content slider-content-default slider-content--center\">\n\t\t\t\t\t\t\t\t<div class=\"container\">\n\t\t\t\t\t\t\t\t\t<div class=\"slider-content-inner\">\n\t\t\t\t\t\t\t\t\t\t\t\t\t\t\t\t\t\t\t\t\t<h3 class=\"slider-title\" style=color:#ffffff;>L&#039;efficacit\u00e9 au service des collectivit\u00e9s<\/h3>\n\t\t\t\t\t\t\t\t\t\t\n\t\t\t\t\t\t\t\t\t\t\t\t\t\t\t\t\t\t\t\t\t<p class=\"slider-description\" style=color:#ffffff;>Une expertise reconnue<\/p>\n\t\t\t\t\t\t\t\t\t\t\n\t\t\t\t\t\t\t\t\t\t\t\t\t\t\t\t\t\t\t\t\t<a class=\"btn btn-yellow btn-rounded-edges btn-medium btn-primary\" href=\"index.php\/realisation\/\"> R\u00c9ALISATIONS <\/a>\n\t\t\t\t\t\t\t\t\t\t\t\t\t\t\t\t\t\t\t<\/div> <!-- slider-content-inner -->\n\t\t\t\t\t\t\t\t<\/div> <!-- .container -->\n\t\t\t\t\t\t\t<\/div> <!-- .slider-content -->\n\t\t\t\t\t\t\t<figure class=\"slider-thumbnail\">\n\t\t\t\t\t\t\t\t<img src=\"http:\/\/lwkzonq.cluster028.hosting.ovh.net\/wp-content\/uploads\/2020\/02\/Clos-des-Lucioles-Gigean-Villa-carousel.jpg\" alt=\"L&#039;efficacit\u00e9 au service des collectivit\u00e9s\" \/>\n\t\t\t\t\t\t\t<\/figure>\n\t\t\t\t\t\t<\/div> <!-- swiper-slide -->\n\t\t\t\t\t\t\t\t\t\t\t\t<div class=\"swiper-slide\">\n\t\t\t\t\t\t\t<div class=\"slider-content slider-content-default slider-content--center\">\n\t\t\t\t\t\t\t\t<div class=\"container\">\n\t\t\t\t\t\t\t\t\t<div class=\"slider-content-inner\">\n\t\t\t\t\t\t\t\t\t\t\t\t\t\t\t\t\t\t\t\t\t<h3 class=\"slider-title\" style=color:#ffffff;>Dans l\u2019int\u00e9r\u00eat g\u00e9n\u00e9ral<\/h3>\n\t\t\t\t\t\t\t\t\t\t\n\t\t\t\t\t\t\t\t\t\t\n\t\t\t\t\t\t\t\t\t\t\t\t\t\t\t\t\t\t\t\t\t<a class=\"btn btn-default btn-rounded-edges btn-medium btn-primary\" href=\"index.php\/realisation\/\"> R\u00c9ALISATIONS <\/a>\n\t\t\t\t\t\t\t\t\t\t\t\t\t\t\t\t\t\t\t<\/div> <!-- slider-content-inner -->\n\t\t\t\t\t\t\t\t<\/div> <!-- .container -->\n\t\t\t\t\t\t\t<\/div> <!-- .slider-content -->\n\t\t\t\t\t\t\t<figure class=\"slider-thumbnail\">\n\t\t\t\t\t\t\t\t<img src=\"http:\/\/lwkzonq.cluster028.hosting.ovh.net\/wp-content\/uploads\/2020\/02\/LUNAS-2-Centre-dincendie-et-de-secours-carousel.jpg\" alt=\"Dans l\u2019int\u00e9r\u00eat g\u00e9n\u00e9ral\" \/>\n\t\t\t\t\t\t\t<\/figure>\n\t\t\t\t\t\t<\/div> <!-- swiper-slide -->\n\t\t\t\t\t\t\t\t\t<\/div> <!-- end swiper-wrapper -->\n\n\t\t\t<div class=\"swiper-pagination\"><\/div>\n\t\t\t<div class=\"swiper-button-next\"><\/div>\n\t\t\t<div class=\"swiper-button-prev\"><\/div>\n\t\t<\/div> <!-- end swiper-container -->\n\n\t<\/div> <!-- end slider -->\n<\/div><\/div><\/div><\/div><\/div><div id=\"pg-261-1\"  class=\"panel-grid panel-has-style\" ><div class=\"panel-row-style panel-row-style-for-261-1\" ><div id=\"pgc-261-1-0\"  class=\"panel-grid-cell\" ><div class=\"panel-cell-style panel-cell-style-for-261-1-0\" ><div id=\"panel-261-1-0-0\" class=\"so-panel widget widget_text panel-first-child\" data-index=\"1\" ><div class=\"panel-widget-style panel-widget-style-for-261-1-0-0\" ><h3 class=\"widget-title\">Qui sommes nous ?<\/h3>\t\t\t<div class=\"textwidget\"><p>La <strong>SEMABATH<\/strong> est une soci\u00e9t\u00e9 d\u2019\u00e9conomie mixte cr\u00e9\u00e9e en 1991 \u00e0 l\u2019<strong>initiative des communes du Bassin de Thau<\/strong> et plus particuli\u00e8rement de Monsieur Yves Pietrasanta alors Maire de la ville de M\u00e8ze.<\/p>\n<p>Son principal objectif \u00e9tait de mener \u00e0 bien les <strong>projets d\u2019am\u00e9nagement et de d\u00e9veloppement \u00e9conomique<\/strong> pour compte de ses actionnaires.<\/p>\n<p>Depuis pr\u00e8s de 30 ans, la SEMABATH intervient pour compte des acteurs locaux en tant que ma\u00eetre d\u2019ouvrage, assistant \u00e0 ma\u00eetrise d\u2019ouvrage, ou ma\u00eetre d\u2019ouvrage d\u00e9l\u00e9gu\u00e9 toujours dans un but renouvel\u00e9 d\u2019int\u00e9r\u00eat g\u00e9n\u00e9ral.\u00a0 Ainsi, la soci\u00e9t\u00e9 s\u2019est affirm\u00e9e comme un acteur incontournable du d\u00e9veloppement local du bassin de Thau \u00e0 travers <a href=\"http:\/\/www.semabath.fr\/index.php\/realisation\/\">des projets vari\u00e9s<\/a> allant de la gestion de l\u2019\u00e9cosite de M\u00e8ze, la construction de Maisons d\u2019Accueil Sp\u00e9cialis\u00e9, de groupes scolaires ou encore de casernes de pompiers, etc.<\/p>\n<p>Les Soci\u00e9t\u00e9s d\u2019\u00e9conomie mixtes sont des outils dont l\u2019actionnariat majoritairement public et le mode de gouvernance (public\/priv\u00e9) permettent une grande souplesse et rapidit\u00e9 d\u2019action. Elles sont les bras arm\u00e9s des collectivit\u00e9s dans de nombreux domaines allant de la gestion d\u2019\u00e9quipements publics, jusqu\u2019au d\u00e9veloppement d\u2019\u00e9nergies renouvelables en passant par la gestion de parcs de logements locatifs.<\/p>\n<p>Elles font partie d\u2019un r\u00e9seau national de plus de 1 300 Entreprises Publiques Locales repr\u00e9sentant plus de 63 000 emplois p\u00e9rennes en France.<\/p>\n<\/div>\n\t\t<\/div><\/div><div id=\"panel-261-1-0-1\" class=\"so-panel widget widget_themegrill_suffice_button tg-section tg-button-widget panel-last-child\" data-index=\"2\" >\n<div class=\"btn-left\">\n\t\t\t<a  class=\"btn btn-flat btn-medium\" style=color:#ffffff;background-color:#f9bf1b; href=\"http:\/\/www.semabath.fr\/index.php\/activites-2\/activites\/\">\n\t\t\t\t\t\t\t<span class=\"fa fa-group icon-left\" style=color:#ffffff;><\/span>\n\t\t\t\tEn savoir plus\t\t<\/a>\n\t<\/div>\n<\/div><\/div><\/div><div id=\"pgc-261-1-1\"  class=\"panel-grid-cell\" ><div id=\"panel-261-1-1-0\" class=\"so-panel widget widget_siteorigin-panels-builder panel-first-child panel-last-child\" data-index=\"3\" ><div id=\"pl-w6200d51864baf\"  class=\"panel-layout\" ><div id=\"pg-w6200d51864baf-0\"  class=\"panel-grid panel-no-style\" ><div id=\"pgc-w6200d51864baf-0-0\"  class=\"panel-grid-cell\" ><div id=\"panel-w6200d51864baf-0-0-0\" class=\"so-panel widget widget_themegrill_suffice_iconbox tg-iconbox-container panel-first-child panel-last-child\" data-index=\"0\" ><div class=\"no-bottom-margin panel-widget-style panel-widget-style-for-w6200d51864baf-0-0-0\" ><div class=\"icon-box icon-box-bordered\">\n\t\t\t\t<div class=\"icon-box-image\" style=color:#ffffff;font-size:30px;>\n\t\t\t<div class=\"icon-box-image-container\">\n\t\t\t\t<div class=\"icon-box-inner-image\">\n\t\t\t\t\t\t\t\t\t\t\t\t\t\t\t\t<a href=\"http:\/\/www.semabath.fr\/index.php\/activites\/\" >\n\t\t\t\t\t\t\t\t\t\t<img src=\"http:\/\/lwkzonq.cluster028.hosting.ovh.net\/wp-content\/uploads\/2020\/01\/icone-semabath_02.png\" alt=\"Une activit\u00e9 de mandataire\" \/>\n\t\t\t\t\t\t\t\t\t\t\t<\/a>\n\t\t\t\t\t\t\t\t\t<\/div>\n\t\t\t<\/div>\n\t\t<\/div>\n\t\t<div class=\"icon-box-description\">\n\t\t\t\t\t<h5 class=\"icon-box-title\"  style=color:#ffffff;>Une activit\u00e9 de mandataire<\/h5>\n\t\t\t\t\t\t\t<p class=\"icon-box-content\"  style=color:#ffffff;>La confiance des collectivit\u00e9s territoriales<\/p>\n\t\t\t\t\t\t\t<a  style=color:#0d0908; class=\"icon-box-readmore\" href=\"http:\/\/www.semabath.fr\/index.php\/activites\/\">Lire plus<\/a>\n\t\t\t<\/div>\n<\/div> <!-- end icon-box -->\n<\/div><\/div><\/div><div id=\"pgc-w6200d51864baf-0-1\"  class=\"panel-grid-cell\" ><div id=\"panel-w6200d51864baf-0-1-0\" class=\"so-panel widget widget_themegrill_suffice_iconbox tg-iconbox-container panel-first-child panel-last-child\" data-index=\"1\" ><div class=\"no-bottom-margin panel-widget-style panel-widget-style-for-w6200d51864baf-0-1-0\" ><div class=\"icon-box icon-box-bordered\">\n\t\t\t\t<div class=\"icon-box-image\" style=color:#ffffff;font-size:30px;>\n\t\t\t<div class=\"icon-box-image-container\">\n\t\t\t\t<div class=\"icon-box-inner-image\">\n\t\t\t\t\t\t\t\t\t\t\t\t\t\t\t\t<a href=\"http:\/\/www.semabath.fr\/index.php\/activites\/\" >\n\t\t\t\t\t\t\t\t\t\t<img src=\"http:\/\/lwkzonq.cluster028.hosting.ovh.net\/wp-content\/uploads\/2020\/01\/icone-semabath_03.png\" alt=\"Une activit\u00e9 de construction vente\" \/>\n\t\t\t\t\t\t\t\t\t\t\t<\/a>\n\t\t\t\t\t\t\t\t\t<\/div>\n\t\t\t<\/div>\n\t\t<\/div>\n\t\t<div class=\"icon-box-description\">\n\t\t\t\t\t<h5 class=\"icon-box-title\"  style=color:#ffffff;>Une activit\u00e9 de construction vente<\/h5>\n\t\t\t\t\t\t\t<p class=\"icon-box-content\"  style=color:#ffffff;>Architecture, construction, \u00e9dification\u2026<\/p>\n\t\t\t\t\t\t\t<a  style=color:#fac014; class=\"icon-box-readmore\" href=\"http:\/\/www.semabath.fr\/index.php\/activites\/\">Lire plus<\/a>\n\t\t\t<\/div>\n<\/div> <!-- end icon-box -->\n<\/div><\/div><\/div><\/div><div id=\"pg-w6200d51864baf-1\"  class=\"panel-grid panel-no-style\" ><div id=\"pgc-w6200d51864baf-1-0\"  class=\"panel-grid-cell\" ><div id=\"panel-w6200d51864baf-1-0-0\" class=\"so-panel widget widget_themegrill_suffice_iconbox tg-iconbox-container panel-first-child panel-last-child\" data-index=\"2\" ><div class=\"panel-widget-style panel-widget-style-for-w6200d51864baf-1-0-0\" ><div class=\"icon-box icon-box-bordered\">\n\t\t\t\t<div class=\"icon-box-image\" style=color:#ffffff;font-size:30px;>\n\t\t\t<div class=\"icon-box-image-container\">\n\t\t\t\t<div class=\"icon-box-inner-image\">\n\t\t\t\t\t\t\t\t\t\t\t\t\t\t\t\t<a href=\"http:\/\/www.semabath.fr\/index.php\/activites\/\" >\n\t\t\t\t\t\t\t\t\t\t<img src=\"http:\/\/lwkzonq.cluster028.hosting.ovh.net\/wp-content\/uploads\/2020\/01\/icone-semabath_01.png\" alt=\"Une activit\u00e9 de gestion patrimoniale\" \/>\n\t\t\t\t\t\t\t\t\t\t\t<\/a>\n\t\t\t\t\t\t\t\t\t<\/div>\n\t\t\t<\/div>\n\t\t<\/div>\n\t\t<div class=\"icon-box-description\">\n\t\t\t\t\t<h5 class=\"icon-box-title\"  style=color:#ffffff;>Une activit\u00e9 de gestion patrimoniale<\/h5>\n\t\t\t\t\t\t\t<p class=\"icon-box-content\"  style=color:#ffffff;>\u00c9valuation, gestion et placement de capitaux<\/p>\n\t\t\t\t\t\t\t<a  style=color:#fac014; class=\"icon-box-readmore\" href=\"http:\/\/www.semabath.fr\/index.php\/activites\/\">Lire plus<\/a>\n\t\t\t<\/div>\n<\/div> <!-- end icon-box -->\n<\/div><\/div><\/div><div id=\"pgc-w6200d51864baf-1-1\"  class=\"panel-grid-cell\" ><div id=\"panel-w6200d51864baf-1-1-0\" class=\"so-panel widget widget_themegrill_suffice_iconbox tg-iconbox-container panel-first-child panel-last-child\" data-index=\"3\" ><div class=\"panel-widget-style panel-widget-style-for-w6200d51864baf-1-1-0\" ><div class=\"icon-box icon-box-bordered\">\n\t\t\t\t<div class=\"icon-box-image\" style=color:#ffffff;font-size:30px;>\n\t\t\t<div class=\"icon-box-image-container\">\n\t\t\t\t<div class=\"icon-box-inner-image\">\n\t\t\t\t\t\t\t\t\t\t\t\t\t\t\t\t<a href=\"http:\/\/www.semabath.fr\/index.php\/activites\/\" >\n\t\t\t\t\t\t\t\t\t\t<img src=\"http:\/\/lwkzonq.cluster028.hosting.ovh.net\/wp-content\/uploads\/2020\/01\/site-semabath_02.png\" alt=\"Une activit\u00e9 de gestion h\u00f4teli\u00e8re\" \/>\n\t\t\t\t\t\t\t\t\t\t\t<\/a>\n\t\t\t\t\t\t\t\t\t<\/div>\n\t\t\t<\/div>\n\t\t<\/div>\n\t\t<div class=\"icon-box-description\">\n\t\t\t\t\t<h5 class=\"icon-box-title\"  style=color:#ffffff;>Une activit\u00e9 de gestion h\u00f4teli\u00e8re<\/h5>\n\t\t\t\t\t\t\t<p class=\"icon-box-content\"  style=color:#ffffff;>Instaurer et maintenir un haut niveau d&#039;excellence <\/p>\n\t\t\t\t\t\t\t<a  style=color:#0d0908; class=\"icon-box-readmore\" href=\"http:\/\/www.semabath.fr\/index.php\/activites\/\">Lire plus<\/a>\n\t\t\t<\/div>\n<\/div> <!-- end icon-box -->\n<\/div><\/div><\/div><\/div><\/div><\/div><\/div><\/div><\/div><div id=\"pg-261-2\"  class=\"panel-grid panel-has-style\" ><div class=\"panel-row-style panel-row-style-for-261-2\" ><div id=\"pgc-261-2-0\"  class=\"panel-grid-cell\" ><div id=\"panel-261-2-0-0\" class=\"so-panel widget widget_themegrill_suffice_title tg-title-container panel-first-child\" data-index=\"4\" ><div class=\"title title-default title-center\">\n\t<h3 class=\"title-title\">Nos projets<\/h3>\n\n\t\t\t<p class=\"sub-title\">D\u00e9couvrez nos derni\u00e8res r\u00e9alisations<\/p>\n\t\n\t\n\t<\/div>\n<\/div><div id=\"panel-261-2-0-1\" class=\"so-panel widget widget_themegrill_suffice_portfolio tg-portfolio-container\" data-index=\"5\" ><div class=\"wow fadeIn panel-widget-style panel-widget-style-for-261-2-0-1\" data-wow-offset=\"10\" data-wow-iteration=\"1\" ><div class=\"portfolio-container\"><nav class=\"portfolio-navigation portfolio-navigation-normal portfolio-navigation-center\"><ul class=\"navigation-portfolio\"><li class=\"active\"><a data-filter=\"*\">All<\/a><\/li><li><a data-filter='.bureaux-et-commerces'>Bureaux et Commerces<\/a><\/li>\n<li><a data-filter='.centre-de-secours'>Centre de secours<\/a><\/li>\n<li><a data-filter='.construction'>Construction<\/a><\/li>\n<li><a data-filter='.ecoles-et-creches'>\u00c9coles et cr\u00e8ches<\/a><\/li>\n<li><a data-filter='.vrd'>VRD<\/a><\/li>\n<\/ul><\/nav><ul class=\"portfolio-items row no-gutter\"><li class=\"portfolio-item col-md-4 vrd \" data-category=\"vrd \"><figure class=\"portfolio-item-thumbnail\"><a href=\"http:\/\/lwkzonq.cluster028.hosting.ovh.net\/index.php\/portfolio\/zae-les-matives-loupian\/\" ><img width=\"480\" height=\"552\" src=\"http:\/\/lwkzonq.cluster028.hosting.ovh.net\/wp-content\/uploads\/2022\/01\/Loupian-ZAE-Les-Matives-3-1-480x552.jpg\" class=\"attachment-suffice-thumbnail-portfolio size-suffice-thumbnail-portfolio wp-post-image\" alt=\"SEMABATH - ZAE Les Matives - LOUPIAN\" loading=\"lazy\" \/><\/a><figcaption class=\"portfolio-item-description\"><h5 class=\"portfolio-item-title\"><a href = \"http:\/\/lwkzonq.cluster028.hosting.ovh.net\/index.php\/portfolio\/zae-les-matives-loupian\/\">ZAE Les Matives &#8211; Loupian<\/a><\/h5><span class=\"portfolio-item-categories\">VRD<\/span><\/figcaption><\/figure><\/li><li class=\"portfolio-item col-md-4 bureaux-et-commerces construction vrd \" data-category=\"bureaux-et-commerces construction vrd \"><figure class=\"portfolio-item-thumbnail\"><a href=\"http:\/\/lwkzonq.cluster028.hosting.ovh.net\/index.php\/portfolio\/maison-medicale-bouzigues\/\" ><img width=\"572\" height=\"552\" src=\"http:\/\/lwkzonq.cluster028.hosting.ovh.net\/wp-content\/uploads\/2020\/11\/20200806_100652-572x552.jpg\" class=\"attachment-suffice-thumbnail-portfolio size-suffice-thumbnail-portfolio wp-post-image\" alt=\"SEMABATH - Maison M\u00e9dicale - Bouzigues\" loading=\"lazy\" \/><\/a><figcaption class=\"portfolio-item-description\"><h5 class=\"portfolio-item-title\"><a href = \"http:\/\/lwkzonq.cluster028.hosting.ovh.net\/index.php\/portfolio\/maison-medicale-bouzigues\/\">Maison M\u00e9dicale &#8211; Bouzigues<\/a><\/h5><span class=\"portfolio-item-categories\">Bureaux et Commerces, Construction, VRD<\/span><\/figcaption><\/figure><\/li><li class=\"portfolio-item col-md-4 construction ecoles-et-creches \" data-category=\"construction ecoles-et-creches \"><figure class=\"portfolio-item-thumbnail\"><a href=\"http:\/\/lwkzonq.cluster028.hosting.ovh.net\/index.php\/portfolio\/groupe-scolaire-villeveyrac\/\" ><img width=\"572\" height=\"552\" src=\"http:\/\/lwkzonq.cluster028.hosting.ovh.net\/wp-content\/uploads\/2020\/11\/capitelle-572x552.jpg\" class=\"attachment-suffice-thumbnail-portfolio size-suffice-thumbnail-portfolio wp-post-image\" alt=\"SEMABATH - Groupe scolaire &quot;La Capitelle&quot; - Villeveyrac\" loading=\"lazy\" \/><\/a><figcaption class=\"portfolio-item-description\"><h5 class=\"portfolio-item-title\"><a href = \"http:\/\/lwkzonq.cluster028.hosting.ovh.net\/index.php\/portfolio\/groupe-scolaire-villeveyrac\/\">Groupe scolaire \u00ab\u00a0La Capitelle\u00a0\u00bb &#8211; Villeveyrac<\/a><\/h5><span class=\"portfolio-item-categories\">Construction, \u00c9coles et cr\u00e8ches<\/span><\/figcaption><\/figure><\/li><\/ul><!-- \/ul.portfolio-items --><\/div><!-- \/.portfolio-container --><\/div><\/div><div id=\"panel-261-2-0-2\" class=\"so-panel widget widget_themegrill_suffice_button tg-section tg-button-widget panel-last-child\" data-index=\"6\" >\n<div class=\"btn-center\">\n\t\t\t<a  class=\"btn btn-rounded btn-medium\" style=color:#ffffff;background-color:#fac014; href=\"http:\/\/www.semabath.fr\/index.php\/realisation\/\">\n\t\t\t\t\t\t\t<span class=\"fa fa-long-arrow-right icon-right\" style=color:#ffffff;><\/span>\n\t\t\t\tEn voir plus\t\t<\/a>\n\t<\/div>\n<\/div><\/div><\/div><\/div><div id=\"pg-261-3\"  class=\"panel-grid panel-has-style\" ><div class=\"siteorigin-panels-stretch panel-row-style panel-row-style-for-261-3\" data-stretch-type=\"full\" ><div id=\"pgc-261-3-0\"  class=\"panel-grid-cell\" ><div id=\"panel-261-3-0-0\" class=\"so-panel widget widget_themegrill_suffice_title tg-title-container panel-first-child\" data-index=\"7\" ><div class=\"title title-default title-center\">\n\t<h3 class=\"title-title\">T\u00e9moignages<\/h3>\n\n\t\t\t<p class=\"sub-title\">Nous avons travaill\u00e9 avec eux<\/p>\n\t\n\t\n\t<\/div>\n<\/div><div id=\"panel-261-3-0-1\" class=\"so-panel widget widget_themegrill_suffice_testimonial tg-testimonial-container panel-last-child\" data-index=\"8\" ><div class=\"testimonials-wrapper\">\n\t<ul class=\"testimonials-container row testimonials-sayings\">\n\t\t\t\t\t<li class=\"testimonial-item col-md-6\">\n\t\t\t\t\t\t\t\t\t<p class=\"testimonial-content\">Les divers projets que nous avons r\u00e9alis\u00e9s avec la S.E.M.A.BA.TH ont \u00e9t\u00e9 men\u00e9s \u00e0 bien dans le respect des budgets, des contraintes et des calendriers. Une \u00e9quipe efficace et souriante malgr\u00e9 les difficult\u00e9s de certains projets.<\/p>\n\t\t\t\t\n\t\t\t\t\t\t\t\t\t<figure class=\"testimonial-thumbnail\">\n\t\t\t\t\t\t\t\t\t\t\t\t<img src=\"http:\/\/lwkzonq.cluster028.hosting.ovh.net\/wp-content\/uploads\/2020\/01\/ville-de-gigean.jpg\" alt=\"Ville de Gigean\" \/>\n\t\t\t\t\t<\/figure>\n\t\t\t\t\n\t\t\t\t<div class=\"testimonial-description\">\n\t\t\t\t\t\t\t\t\t\t<h5 class=\"testimonial-author\">Ville de Gigean<\/h5>\n\t\t\t\t\t<span class=\"testimonial-author-position\">CP 34770<\/span>\n\t\t\t\t<\/div>\n\t\t\t<\/li> <!-- end testimonial-item -->\n\t\t\t\t\t<li class=\"testimonial-item col-md-6\">\n\t\t\t\t\t\t\t\t\t<p class=\"testimonial-content\">R\u00e9active et efficace, un vrai plaisir de travailler avec la S.E.M.A.BA.TH., des professionnels consciencieux qui ont su r\u00e9pondre \u00e0 un cahier des charges complexes. Nous sommes tr\u00e8s contents de notre groupe scolaire. Un gage de qualit\u00e9.<\/p>\n\t\t\t\t\n\t\t\t\t\t\t\t\t\t<figure class=\"testimonial-thumbnail\">\n\t\t\t\t\t\t\t\t\t\t\t\t<img src=\"http:\/\/lwkzonq.cluster028.hosting.ovh.net\/wp-content\/uploads\/2020\/01\/ville-meze.jpg\" alt=\"Ville de M\u00e8ze\" \/>\n\t\t\t\t\t<\/figure>\n\t\t\t\t\n\t\t\t\t<div class=\"testimonial-description\">\n\t\t\t\t\t\t\t\t\t\t<h5 class=\"testimonial-author\">Ville de M\u00e8ze<\/h5>\n\t\t\t\t\t<span class=\"testimonial-author-position\">CP 34140<\/span>\n\t\t\t\t<\/div>\n\t\t\t<\/li> <!-- end testimonial-item -->\n\t\t\t<\/ul> <!-- end testimonials-container -->\n<\/div>\n<\/div><\/div><\/div><\/div><div id=\"pg-261-4\"  class=\"panel-grid panel-has-style\" ><div class=\"so-parallax siteorigin-panels-stretch panel-row-style panel-row-style-for-261-4\" data-stretch-type=\"full\" ><img width=\"1385\" height=\"917\" src=\"http:\/\/lwkzonq.cluster028.hosting.ovh.net\/wp-content\/uploads\/2020\/01\/Clos-des-Lucioles-Gigean-Place.jpg\" class=\"attachment-full size-full\" alt=\"\" loading=\"eager\" data-siteorigin-parallax=\"true\" srcset=\"http:\/\/lwkzonq.cluster028.hosting.ovh.net\/wp-content\/uploads\/2020\/01\/Clos-des-Lucioles-Gigean-Place.jpg 1385w, http:\/\/lwkzonq.cluster028.hosting.ovh.net\/wp-content\/uploads\/2020\/01\/Clos-des-Lucioles-Gigean-Place-300x199.jpg 300w, http:\/\/lwkzonq.cluster028.hosting.ovh.net\/wp-content\/uploads\/2020\/01\/Clos-des-Lucioles-Gigean-Place-768x508.jpg 768w, http:\/\/lwkzonq.cluster028.hosting.ovh.net\/wp-content\/uploads\/2020\/01\/Clos-des-Lucioles-Gigean-Place-1024x678.jpg 1024w\" sizes=\"(max-width: 1385px) 100vw, 1385px\" \/><div id=\"pgc-261-4-0\"  class=\"panel-grid-cell\" ><div id=\"panel-261-4-0-0\" class=\"so-panel widget widget_themegrill_suffice_counter tg-counter-container panel-first-child panel-last-child\" data-index=\"9\" >`<div class=\"counter-item counter-style-hexagon\">\n\t<div class=\"counter-icon\" style=background-color:#fac014; >\n\t\t<div class=\"counter-icon-inner\">\n\t\t\t<i  style=color:#ffffff;font-size:30px; class=\"fa fa-building-o\"><\/i>\n\t\t<\/div>\n\t<\/div> <!-- end counter-icon -->\n\t<div class=\"counter-info\">\n\t\t<div class=\"counter-number\" data-from=\"0\" data-to=\"70\" data-prefix=\"\" data-suffix=\"\"  style=color:#000000;>70<\/div>\n\t\t<div class=\"counter-title\" style=color:#000000;>Projets men\u00e9s \u00e0 bien<\/div>\n\t<\/div>\n<\/div>\n<\/div><\/div><div id=\"pgc-261-4-1\"  class=\"panel-grid-cell\" ><div id=\"panel-261-4-1-0\" class=\"so-panel widget widget_themegrill_suffice_counter tg-counter-container panel-first-child panel-last-child\" data-index=\"10\" >`<div class=\"counter-item counter-style-hexagon\">\n\t<div class=\"counter-icon\" style=background-color:#000000; >\n\t\t<div class=\"counter-icon-inner\">\n\t\t\t<i  style=color:#ffffff;font-size:30px; class=\"fa fa-th-list\"><\/i>\n\t\t<\/div>\n\t<\/div> <!-- end counter-icon -->\n\t<div class=\"counter-info\">\n\t\t<div class=\"counter-number\" data-from=\"0\" data-to=\"10\" data-prefix=\"\" data-suffix=\"\"  style=color:#000000;>10<\/div>\n\t\t<div class=\"counter-title\" style=color:#000000;>Projets en cours<\/div>\n\t<\/div>\n<\/div>\n<\/div><\/div><div id=\"pgc-261-4-2\"  class=\"panel-grid-cell\" ><div id=\"panel-261-4-2-0\" class=\"so-panel widget widget_themegrill_suffice_counter tg-counter-container panel-first-child panel-last-child\" data-index=\"11\" >`<div class=\"counter-item counter-style-hexagon\">\n\t<div class=\"counter-icon\" style=background-color:#fac014; >\n\t\t<div class=\"counter-icon-inner\">\n\t\t\t<i  style=color:#ffffff;font-size:30px; class=\"fa fa-users\"><\/i>\n\t\t<\/div>\n\t<\/div> <!-- end counter-icon -->\n\t<div class=\"counter-info\">\n\t\t<div class=\"counter-number\" data-from=\"0\" data-to=\"20\" data-prefix=\"\" data-suffix=\"\"  style=color:#0c0c0c;>20<\/div>\n\t\t<div class=\"counter-title\" style=color:#0a0a0a;>Collaborateurs<\/div>\n\t<\/div>\n<\/div>\n<\/div><\/div><\/div><\/div><div id=\"pg-261-5\"  class=\"panel-grid panel-has-style\" ><div class=\"panel-row-style panel-row-style-for-261-5\" ><div id=\"pgc-261-5-0\"  class=\"panel-grid-cell\" ><div id=\"panel-261-5-0-0\" class=\"so-panel widget widget_text panel-first-child panel-last-child\" data-index=\"12\" ><h3 class=\"widget-title\">Nous contacter<\/h3>\t\t\t<div class=\"textwidget\"><b>Horaires d\u2019ouverture :<\/b><br\/>\nDu lundi au vendredi : 8h - 12h \/ 14h - 17h30\n<br\/><br\/>\n<b>Adresse :<\/b><br\/>\nRue Juliette et \u00c9douard Massal - BP 12<br\/>\n34140 MEZE<br\/>\nFrance\n<br\/><br\/>\n<i class=\"fa fa-phone\"><\/i> 04 67 43 78 32<br \/>    <i class=\"fa fa-envelope\"><\/i><a href=\"mailto:contact@semabath.fr\">contact@semabath.fr<\/a>\n\n\n[everest_form id=\"248\"]<\/div>\n\t\t<\/div><\/div><div id=\"pgc-261-5-1\"  class=\"panel-grid-cell\" ><div id=\"panel-261-5-1-0\" class=\"so-panel widget widget_themegrill_suffice_googlemap tg-widget tg-google-map-widget panel-first-child panel-last-child\" data-index=\"13\" >\t<div id=\"gmap\" class=\"google-map\">\n\t\t<div id=\"gmap-localize\" data-height=\"300px\"\n\t\t\t\tdata-lat=\"43.42533290425896\" data-long=\"3.600572582472569\"\n\t\t\t\tdata-tooltip=\"Rue Juliette et Edouard Massal - BP 12 - 34140 M\u00e8ze, France\"\n\t\t\t\tdata-zoom=\"16\"><\/div>\n\t<\/div>\n\t<\/div><\/div><\/div><\/div><\/div>","protected":false},"excerpt":{"rendered":"<p>La SEMABATH est une soci\u00e9t\u00e9 d\u2019\u00e9conomie mixte cr\u00e9\u00e9e en 1991 \u00e0 l\u2019initiative des communes du Bassin de Thau et plus particuli\u00e8rement de Monsieur Yves Pietrasanta alors Maire de la ville de M\u00e8ze. Son principal objectif \u00e9tait de mener \u00e0 bien les projets d\u2019am\u00e9nagement et de d\u00e9veloppement \u00e9conomique pour compte de ses actionnaires. Depuis pr\u00e8s de [&hellip;]<\/p>\n","protected":false},"author":1,"featured_media":0,"parent":0,"menu_order":0,"comment_status":"closed","ping_status":"closed","template":"page-templates\/page-builder.php","meta":[],"_links":{"self":[{"href":"http:\/\/lwkzonq.cluster028.hosting.ovh.net\/index.php\/wp-json\/wp\/v2\/pages\/261"}],"collection":[{"href":"http:\/\/lwkzonq.cluster028.hosting.ovh.net\/index.php\/wp-json\/wp\/v2\/pages"}],"about":[{"href":"http:\/\/lwkzonq.cluster028.hosting.ovh.net\/index.php\/wp-json\/wp\/v2\/types\/page"}],"author":[{"embeddable":true,"href":"http:\/\/lwkzonq.cluster028.hosting.ovh.net\/index.php\/wp-json\/wp\/v2\/users\/1"}],"replies":[{"embeddable":true,"href":"http:\/\/lwkzonq.cluster028.hosting.ovh.net\/index.php\/wp-json\/wp\/v2\/comments?post=261"}],"version-history":[{"count":198,"href":"http:\/\/lwkzonq.cluster028.hosting.ovh.net\/index.php\/wp-json\/wp\/v2\/pages\/261\/revisions"}],"predecessor-version":[{"id":286,"href":"http:\/\/lwkzonq.cluster028.hosting.ovh.net\/index.php\/wp-json\/wp\/v2\/pages\/261\/revisions\/286"}],"wp:attachment":[{"href":"http:\/\/lwkzonq.cluster028.hosting.ovh.net\/index.php\/wp-json\/wp\/v2\/media?parent=261"}],"curies":[{"name":"wp","href":"https:\/\/api.w.org\/{rel}","templated":true}]}}