{"id":2142,"date":"2025-04-16T10:18:51","date_gmt":"2025-04-16T08:18:51","guid":{"rendered":"http:\/\/lwkzonq.cluster028.hosting.ovh.net\/?page_id=2142"},"modified":"2026-04-09T08:49:32","modified_gmt":"2026-04-09T06:49:32","slug":"lotissement-la-pansiere","status":"publish","type":"page","link":"http:\/\/lwkzonq.cluster028.hosting.ovh.net\/index.php\/lotissement-la-pansiere\/","title":{"rendered":"Lotissement La Pansi\u00e8re"},"content":{"rendered":"<div id=\"pl-2142\"  class=\"panel-layout\" ><div id=\"pg-2142-0\"  class=\"panel-grid panel-no-style\" ><div id=\"pgc-2142-0-0\"  class=\"panel-grid-cell\" ><div id=\"panel-2142-0-0-0\" class=\"so-panel widget widget_themegrill_suffice_title tg-title-container panel-first-child\" data-index=\"0\" ><div class=\"title title-default title-center\">\n\t<h3 class=\"title-title\" style=background-color:#c9c9c9;>En vente<\/h3>\n\n\t\n\t\n\t<\/div>\n<\/div><div id=\"panel-2142-0-0-1\" class=\"so-panel widget widget_themegrill_suffice_title tg-title-container\" data-index=\"1\" ><div class=\"title title-magazine title-center\">\n\t<h3 class=\"title-title\" style=background-color:#fac014;>COMMUNE DE GIGEAN<\/h3>\n\n\t\t\t<p class=\"sub-title\">Terrain dans Lotissement<\/p>\n\t\n\t\n\t<\/div>\n<\/div><div id=\"panel-2142-0-0-2\" class=\"so-panel widget widget_text\" data-index=\"2\" >\t\t\t<div class=\"textwidget\"><h3 class=\"widget-title\">A vendre : 1 terrain viabilis\u00e9 libre de construction<\/h3>\n<div class=\"textwidget\">\n<p><strong>Superficie : de 219m\u00b2<\/strong><\/p>\n<p><strong>Prix : 112 800\u20ac<\/strong><\/p>\n<\/div>\n<div class=\"textwidget\">\n<p><strong><a href=\"http:\/\/lwkzonq.cluster028.hosting.ovh.net\/wp-content\/uploads\/2025\/04\/PA02-Notice-decrivant-le-terrain-et-le-projet_1.pdf\" target=\"_blank\" rel=\"noopener\">Notice d\u00e9crivant le terrain et le projet<\/a><\/strong><\/p>\n<p><strong><a href=\"http:\/\/lwkzonq.cluster028.hosting.ovh.net\/wp-content\/uploads\/2025\/11\/GIG_PA_Semabath_RGT_20251024.pdf\" target=\"_blank\" rel=\"noopener\">R\u00e8glement modificatif<\/a><\/strong><\/p>\n<\/div>\n<p><strong><a href=\"http:\/\/lwkzonq.cluster028.hosting.ovh.net\/wp-content\/uploads\/2025\/04\/PA08-Programme-et-plans-des-travaux-dequipement_1.pdf\" target=\"_blank\" rel=\"noopener\">Programme et plans des travaux d&rsquo;\u00e9quipement<\/a><\/strong><\/p>\n<p><strong><a href=\"http:\/\/lwkzonq.cluster028.hosting.ovh.net\/wp-content\/uploads\/2025\/04\/ARRETE-PA-034-113-24-V0003-signe.pdf\" target=\"_blank\" rel=\"noopener\">Permis d&rsquo;am\u00e9nager<\/a> &#8211;\u00a0 <a href=\"http:\/\/lwkzonq.cluster028.hosting.ovh.net\/wp-content\/uploads\/2025\/11\/23139-PAM01-arrete-signe-avis.pdf\" target=\"_blank\" rel=\"noopener\">Permis modificatif 1<\/a> et <a href=\"http:\/\/lwkzonq.cluster028.hosting.ovh.net\/wp-content\/uploads\/2025\/11\/PA03411324V0003M02_arretesigne_171125.pdf\" target=\"_blank\" rel=\"noopener\">Permis modificatif 2<\/a><\/strong><\/p>\n<\/div>\n\t\t<\/div><div id=\"panel-2142-0-0-3\" class=\"so-panel widget widget_media_image panel-last-child\" data-index=\"3\" ><img width=\"1024\" height=\"512\" src=\"http:\/\/lwkzonq.cluster028.hosting.ovh.net\/wp-content\/uploads\/2025\/04\/PA04-Plan-de-composition-densemble-cote-dans-les-trois-dimensions_2-003-1024x512.png\" class=\"image wp-image-2144  attachment-large size-large\" alt=\"\" loading=\"lazy\" style=\"max-width: 100%; height: auto;\" srcset=\"http:\/\/lwkzonq.cluster028.hosting.ovh.net\/wp-content\/uploads\/2025\/04\/PA04-Plan-de-composition-densemble-cote-dans-les-trois-dimensions_2-003-1024x512.png 1024w, http:\/\/lwkzonq.cluster028.hosting.ovh.net\/wp-content\/uploads\/2025\/04\/PA04-Plan-de-composition-densemble-cote-dans-les-trois-dimensions_2-003-300x150.png 300w, http:\/\/lwkzonq.cluster028.hosting.ovh.net\/wp-content\/uploads\/2025\/04\/PA04-Plan-de-composition-densemble-cote-dans-les-trois-dimensions_2-003-768x384.png 768w, http:\/\/lwkzonq.cluster028.hosting.ovh.net\/wp-content\/uploads\/2025\/04\/PA04-Plan-de-composition-densemble-cote-dans-les-trois-dimensions_2-003-1536x768.png 1536w, http:\/\/lwkzonq.cluster028.hosting.ovh.net\/wp-content\/uploads\/2025\/04\/PA04-Plan-de-composition-densemble-cote-dans-les-trois-dimensions_2-003-2048x1025.png 2048w\" sizes=\"(max-width: 1024px) 100vw, 1024px\" \/><\/div><\/div><\/div><div id=\"pg-2142-1\"  class=\"panel-grid panel-no-style\" ><div id=\"pgc-2142-1-0\"  class=\"panel-grid-cell\" ><div id=\"panel-2142-1-0-0\" class=\"so-panel widget widget_media_image panel-first-child panel-last-child\" data-index=\"4\" ><img width=\"1240\" height=\"1754\" src=\"http:\/\/lwkzonq.cluster028.hosting.ovh.net\/wp-content\/uploads\/2026\/04\/GRILLE-TARIFAIRE-SITE-SEMABATH_page-0001.jpg\" class=\"image wp-image-2313  attachment-full size-full\" alt=\"\" loading=\"lazy\" style=\"max-width: 100%; height: auto;\" srcset=\"http:\/\/lwkzonq.cluster028.hosting.ovh.net\/wp-content\/uploads\/2026\/04\/GRILLE-TARIFAIRE-SITE-SEMABATH_page-0001.jpg 1240w, http:\/\/lwkzonq.cluster028.hosting.ovh.net\/wp-content\/uploads\/2026\/04\/GRILLE-TARIFAIRE-SITE-SEMABATH_page-0001-212x300.jpg 212w, http:\/\/lwkzonq.cluster028.hosting.ovh.net\/wp-content\/uploads\/2026\/04\/GRILLE-TARIFAIRE-SITE-SEMABATH_page-0001-724x1024.jpg 724w, http:\/\/lwkzonq.cluster028.hosting.ovh.net\/wp-content\/uploads\/2026\/04\/GRILLE-TARIFAIRE-SITE-SEMABATH_page-0001-768x1086.jpg 768w, http:\/\/lwkzonq.cluster028.hosting.ovh.net\/wp-content\/uploads\/2026\/04\/GRILLE-TARIFAIRE-SITE-SEMABATH_page-0001-1086x1536.jpg 1086w\" sizes=\"(max-width: 1240px) 100vw, 1240px\" \/><\/div><\/div><\/div><div id=\"pg-2142-2\"  class=\"panel-grid panel-no-style\" ><div id=\"pgc-2142-2-0\"  class=\"panel-grid-cell panel-grid-cell-empty panel-grid-cell-mobile-last\" ><\/div><div id=\"pgc-2142-2-1\"  class=\"panel-grid-cell panel-grid-cell-empty\" ><\/div><\/div><div id=\"pg-2142-3\"  class=\"panel-grid panel-no-style\" ><div id=\"pgc-2142-3-0\"  class=\"panel-grid-cell panel-grid-cell-empty\" ><\/div><\/div><div id=\"pg-2142-4\"  class=\"panel-grid panel-no-style\" ><div id=\"pgc-2142-4-0\"  class=\"panel-grid-cell panel-grid-cell-empty\" ><\/div><\/div><div id=\"pg-2142-5\"  class=\"panel-grid panel-no-style\" ><div id=\"pgc-2142-5-0\"  class=\"panel-grid-cell panel-grid-cell-empty\" ><\/div><\/div><\/div>","protected":false},"excerpt":{"rendered":"<p>A vendre : 1 terrain viabilis\u00e9 libre de construction Superficie : de 219m\u00b2 Prix : 112 800\u20ac Notice d\u00e9crivant le terrain et le projet R\u00e8glement modificatif Programme et plans des travaux d&rsquo;\u00e9quipement Permis d&rsquo;am\u00e9nager &#8211;\u00a0 Permis modificatif 1 et Permis modificatif 2<\/p>\n","protected":false},"author":1,"featured_media":0,"parent":0,"menu_order":0,"comment_status":"closed","ping_status":"closed","template":"","meta":[],"_links":{"self":[{"href":"http:\/\/lwkzonq.cluster028.hosting.ovh.net\/index.php\/wp-json\/wp\/v2\/pages\/2142"}],"collection":[{"href":"http:\/\/lwkzonq.cluster028.hosting.ovh.net\/index.php\/wp-json\/wp\/v2\/pages"}],"about":[{"href":"http:\/\/lwkzonq.cluster028.hosting.ovh.net\/index.php\/wp-json\/wp\/v2\/types\/page"}],"author":[{"embeddable":true,"href":"http:\/\/lwkzonq.cluster028.hosting.ovh.net\/index.php\/wp-json\/wp\/v2\/users\/1"}],"replies":[{"embeddable":true,"href":"http:\/\/lwkzonq.cluster028.hosting.ovh.net\/index.php\/wp-json\/wp\/v2\/comments?post=2142"}],"version-history":[{"count":63,"href":"http:\/\/lwkzonq.cluster028.hosting.ovh.net\/index.php\/wp-json\/wp\/v2\/pages\/2142\/revisions"}],"predecessor-version":[{"id":2319,"href":"http:\/\/lwkzonq.cluster028.hosting.ovh.net\/index.php\/wp-json\/wp\/v2\/pages\/2142\/revisions\/2319"}],"wp:attachment":[{"href":"http:\/\/lwkzonq.cluster028.hosting.ovh.net\/index.php\/wp-json\/wp\/v2\/media?parent=2142"}],"curies":[{"name":"wp","href":"https:\/\/api.w.org\/{rel}","templated":true}]}}